{"id":195,"date":"2017-03-31T14:09:43","date_gmt":"2017-03-31T14:09:43","guid":{"rendered":"http:\/\/ltrd.ringette.ca\/?page_id=195\/"},"modified":"2020-10-22T14:41:31","modified_gmt":"2020-10-22T14:41:31","slug":"french","status":"publish","type":"page","link":"https:\/\/ltrd.ringette.ca\/fr\/athlete-2\/french\/","title":{"rendered":"Matrice du d\u00e9veloppement \u00e0 long terme de l&rsquo;athl\u00e8te"},"content":{"rendered":"<p>Une Matrice du d\u00e9veloppement de l&rsquo;athl\u00e8te (MDA) est une matrice d&rsquo;habilet\u00e9s cl\u00e9s qu&rsquo;une joueuse ou athl\u00e8te doit d\u00e9velopper en participant au sport au niveau local ou de haute performance.<\/p>\n<h4><a href=\"http:\/\/ltrd.ringette.ca\/wp-content\/uploads\/2020\/10\/Ringette-Canada-ADM-2020-PG-Fr-1.pdf\" target=\"_blank\" rel=\"noopener noreferrer\">Document de Matrice du d\u00e9veloppement \u00e0 long terme de l&rsquo;athl\u00e8te<\/a><\/h4>\n<hr \/>\n<h2>Les essentiels<\/h2>\n<p>Ce document est un aper\u00e7u des composantes fondamentales de formation de l\u2019athl\u00e8te en d\u00e9veloppement et de l\u2019athl\u00e8te de haute performance.<\/p>\n<p>\u00c0 l&rsquo;aide du cadres de d\u00e9veloppement \u00e0 long terme de l&rsquo;athl\u00e8te, du mouvement \u00abAu Canada, le sport c\u2019est pour la<br \/>\nvie\u00bb, ainsi que leur matrice g\u00e9n\u00e9rique de d\u00e9veloppement de l\u2019athl\u00e8te (MDA) et de l\u2019exp\u00e9rience acquise par la communaut\u00e9 canadienne de la ringuette, ces \u00ab\u00a0Essentiels\u00a0\u00bb ont \u00e9t\u00e9 dress\u00e9s. Une version plus d\u00e9taill\u00e9e et plus compl\u00e8te de la matrice de d\u00e9veloppement sera bient\u00f4t disponible sur cette page\u00a0pour aider les entra\u00eeneurs et les administrateurs \u00e0 \u00e9laborer leurs programmes.<\/p>\n<p>La\u00a0matrice comporte 4 volets: Habilet\u00e9s psychologiques, Comp\u00e9tences personnelles, Habilet\u00e9s techniques\/Tactiques et strat\u00e9gique, et les capacit\u00e9s physiques. \u00a0Ringuette Canada a ajout\u00e9 un cinqui\u00e8me volet: le savoir-faire \u00e9thique, une initiative de la fondation <a href=\"http:\/\/truesportpur.ca\/fr\">Sport Pur<\/a>.<\/p>\n<p><![if !IE]><iframe loading=\"lazy\" src=\"https:\/\/docs.google.com\/viewer?url=http%3A%2F%2Fltrd.ringette.ca%2Fwp-content%2Fuploads%2F2017%2F03%2FADM-graphic.pdf&amp;embedded=true\" class=\"pdf\" frameborder=\"0\" style=\"height:960px;width:640px;border:0\" width=\"640\" height=\"960\"><\/iframe><![endif]><!--[if IE]><object width=\"640\" height=\"960\" type=\"application\/pdf\" data=\"http:\/\/ltrd.ringette.ca\/wp-content\/uploads\/2017\/03\/ADM-graphic.pdf\" class=\"pdf ie\">\n \n<div style=\"width:640;height:960;text-align:center;background:#fff;color:#000;margin:0;border:0;padding:0\">Unable to display PDF<br \/><a href=\"http:\/\/ltrd.ringette.ca\/wp-content\/uploads\/2017\/03\/ADM-graphic.pdf\">Click here to download<\/a><\/div>\n \n<\/object><![endif]--><\/p>\n<p>Le document des <strong>Essentiels<\/strong> de la matrice du d\u00e9veloppement de l&rsquo;athl\u00e8te peut \u00eatre vu et t\u00e9l\u00e9charg\u00e9<a href=\"http:\/\/ltrd.ringette.ca\/wp-content\/uploads\/2017\/03\/Ringette_Essential_guide_FR_inter.pdf\"> ici<\/a>.<\/p>\n<p>Pour acc\u00e9der aux habilet\u00e9s essentiels par stade, cliquer le lien correspondant ci-dessous:<\/p>\n<p><a href=\"http:\/\/ltrd.ringette.ca\/wp-content\/uploads\/2017\/03\/Stade1_Redardes-moi_commencer_Ringette_Essential_guide_FR.pdf\">Enfant Actif\u00a0&#8211;\u00a0Regardes-moi Commencer<\/a><\/p>\n<p><a href=\"http:\/\/ltrd.ringette.ca\/wp-content\/uploads\/2017\/03\/Stade2_Je_Patine_Ringette_Essential_guide_FR-2.pdf\">S&rsquo;amuser gr\u00e2ce au sport\u00a0&#8211;\u00a0Je patine<\/a><\/p>\n<p><a href=\"http:\/\/ltrd.ringette.ca\/wp-content\/uploads\/2017\/03\/Stade3_Je_Joue_Ringette_Essential_guide_FR-3.pdf\">Apprendre \u00e0 s&rsquo;entra\u00eener\u00a0&#8211;\u00a0Je joue<\/a><\/p>\n<p><a href=\"http:\/\/ltrd.ringette.ca\/wp-content\/uploads\/2017\/03\/Stade4_Je_suis_Membre_Ringette_Essential_guide_FR-4.pdf\">S&rsquo;entra\u00eener \u00e0 s&rsquo;entra\u00eener\u00a0&#8211;\u00a0Je suis membre de l&rsquo;\u00e9quipe<\/a><\/p>\n<p><a href=\"http:\/\/ltrd.ringette.ca\/wp-content\/uploads\/2017\/03\/Stade5_Je_fais_de_la_competition_Ringette_Essential_guide_FR-5.pdf\">S&rsquo;entra\u00eener \u00e0 la\u00a0Comp\u00e9tition &#8211;\u00a0Je fais de la comp\u00e9tition<\/a><\/p>\n<p><a href=\"http:\/\/ltrd.ringette.ca\/wp-content\/uploads\/2017\/03\/Stade6_Je_depasse_limites_Ringette_Essential_guide_FR-6.pdf\">Apprendre et s&rsquo;entra\u00eener \u00e0 gagner\u00a0&#8211; Je d\u00e9passe mes limites et je suis une championne<\/a><\/p>\n<p><a href=\"http:\/\/ltrd.ringette.ca\/wp-content\/uploads\/2017\/03\/Stade7_Je_suis_Ringette_Ringette_Essential_guide_FR-7.pdf\">Active pour la vie &#8211; Je suis la Ringuette<\/a><\/p>\n","protected":false},"excerpt":{"rendered":"<p>Une Matrice du d\u00e9veloppement de l&rsquo;athl\u00e8te (MDA) est une matrice d&rsquo;habilet\u00e9s cl\u00e9s qu&rsquo;une joueuse ou athl\u00e8te doit d\u00e9velopper en participant au sport au niveau local ou de haute performance. Document de Matrice du d\u00e9veloppement \u00e0 long terme de l&rsquo;athl\u00e8te Les essentiels Ce document est un aper\u00e7u des composantes fondamentales de formation de l\u2019athl\u00e8te en d\u00e9veloppement [&hellip;]<\/p>\n","protected":false},"author":2,"featured_media":0,"parent":38,"menu_order":0,"comment_status":"closed","ping_status":"closed","template":"","meta":{"_acf_changed":false,"footnotes":""},"class_list":["post-195","page","type-page","status-publish","hentry"],"acf":[],"yoast_head":"<!-- This site is optimized with the Yoast SEO plugin v25.3.1 - https:\/\/yoast.com\/wordpress\/plugins\/seo\/ -->\n<title>Matrice du d\u00e9veloppement \u00e0 long terme de l&#039;athl\u00e8te &#8226; Long-Term Ringette Development<\/title>\n<meta name=\"robots\" content=\"index, follow, max-snippet:-1, max-image-preview:large, max-video-preview:-1\" \/>\n<link rel=\"canonical\" href=\"https:\/\/ltrd.ringette.ca\/fr\/athlete-2\/french\/\" \/>\n<meta property=\"og:locale\" content=\"fr_FR\" \/>\n<meta property=\"og:type\" content=\"article\" \/>\n<meta property=\"og:title\" content=\"Matrice du d\u00e9veloppement \u00e0 long terme de l&#039;athl\u00e8te &#8226; Long-Term Ringette Development\" \/>\n<meta property=\"og:description\" content=\"Une Matrice du d\u00e9veloppement de l&rsquo;athl\u00e8te (MDA) est une matrice d&rsquo;habilet\u00e9s cl\u00e9s qu&rsquo;une joueuse ou athl\u00e8te doit d\u00e9velopper en participant au sport au niveau local ou de haute performance. Document de Matrice du d\u00e9veloppement \u00e0 long terme de l&rsquo;athl\u00e8te Les essentiels Ce document est un aper\u00e7u des composantes fondamentales de formation de l\u2019athl\u00e8te en d\u00e9veloppement [&hellip;]\" \/>\n<meta property=\"og:url\" content=\"https:\/\/ltrd.ringette.ca\/fr\/athlete-2\/french\/\" \/>\n<meta property=\"og:site_name\" content=\"Long-Term Ringette Development\" \/>\n<meta property=\"article:modified_time\" content=\"2020-10-22T14:41:31+00:00\" \/>\n<meta name=\"twitter:card\" content=\"summary_large_image\" \/>\n<meta name=\"twitter:label1\" content=\"Dur\u00e9e de lecture estim\u00e9e\" \/>\n\t<meta name=\"twitter:data1\" content=\"2 minutes\" \/>\n<script type=\"application\/ld+json\" class=\"yoast-schema-graph\">{\"@context\":\"https:\/\/schema.org\",\"@graph\":[{\"@type\":\"WebPage\",\"@id\":\"https:\/\/ltrd.ringette.ca\/fr\/athlete-2\/french\/\",\"url\":\"https:\/\/ltrd.ringette.ca\/fr\/athlete-2\/french\/\",\"name\":\"Matrice du d\u00e9veloppement \u00e0 long terme de l'athl\u00e8te &#8226; Long-Term Ringette Development\",\"isPartOf\":{\"@id\":\"https:\/\/ltrd.ringette.ca\/fr\/#website\"},\"datePublished\":\"2017-03-31T14:09:43+00:00\",\"dateModified\":\"2020-10-22T14:41:31+00:00\",\"breadcrumb\":{\"@id\":\"https:\/\/ltrd.ringette.ca\/fr\/athlete-2\/french\/#breadcrumb\"},\"inLanguage\":\"fr-FR\",\"potentialAction\":[{\"@type\":\"ReadAction\",\"target\":[\"https:\/\/ltrd.ringette.ca\/fr\/athlete-2\/french\/\"]}]},{\"@type\":\"BreadcrumbList\",\"@id\":\"https:\/\/ltrd.ringette.ca\/fr\/athlete-2\/french\/#breadcrumb\",\"itemListElement\":[{\"@type\":\"ListItem\",\"position\":1,\"name\":\"Home\",\"item\":\"https:\/\/ltrd.ringette.ca\/fr\/\"},{\"@type\":\"ListItem\",\"position\":2,\"name\":\"Athl\u00e8te\",\"item\":\"https:\/\/ltrd.ringette.ca\/fr\/athlete-2\/\"},{\"@type\":\"ListItem\",\"position\":3,\"name\":\"Matrice du d\u00e9veloppement \u00e0 long terme de l&rsquo;athl\u00e8te\"}]},{\"@type\":\"WebSite\",\"@id\":\"https:\/\/ltrd.ringette.ca\/fr\/#website\",\"url\":\"https:\/\/ltrd.ringette.ca\/fr\/\",\"name\":\"Long-Term Ringette Development\",\"description\":\"\",\"publisher\":{\"@id\":\"https:\/\/ltrd.ringette.ca\/fr\/#organization\"},\"potentialAction\":[{\"@type\":\"SearchAction\",\"target\":{\"@type\":\"EntryPoint\",\"urlTemplate\":\"https:\/\/ltrd.ringette.ca\/fr\/?s={search_term_string}\"},\"query-input\":{\"@type\":\"PropertyValueSpecification\",\"valueRequired\":true,\"valueName\":\"search_term_string\"}}],\"inLanguage\":\"fr-FR\"},{\"@type\":\"Organization\",\"@id\":\"https:\/\/ltrd.ringette.ca\/fr\/#organization\",\"name\":\"Long Term Ringette Development\",\"url\":\"https:\/\/ltrd.ringette.ca\/fr\/\",\"logo\":{\"@type\":\"ImageObject\",\"inLanguage\":\"fr-FR\",\"@id\":\"https:\/\/ltrd.ringette.ca\/fr\/#\/schema\/logo\/image\/\",\"url\":\"https:\/\/ltrd.ringette.ca\/wp-content\/uploads\/2016\/04\/LTRD-login-logo.png\",\"contentUrl\":\"https:\/\/ltrd.ringette.ca\/wp-content\/uploads\/2016\/04\/LTRD-login-logo.png\",\"width\":320,\"height\":84,\"caption\":\"Long Term Ringette Development\"},\"image\":{\"@id\":\"https:\/\/ltrd.ringette.ca\/fr\/#\/schema\/logo\/image\/\"}}]}<\/script>\n<!-- \/ Yoast SEO plugin. -->","yoast_head_json":{"title":"Matrice du d\u00e9veloppement \u00e0 long terme de l'athl\u00e8te &#8226; Long-Term Ringette Development","robots":{"index":"index","follow":"follow","max-snippet":"max-snippet:-1","max-image-preview":"max-image-preview:large","max-video-preview":"max-video-preview:-1"},"canonical":"https:\/\/ltrd.ringette.ca\/fr\/athlete-2\/french\/","og_locale":"fr_FR","og_type":"article","og_title":"Matrice du d\u00e9veloppement \u00e0 long terme de l'athl\u00e8te &#8226; Long-Term Ringette Development","og_description":"Une Matrice du d\u00e9veloppement de l&rsquo;athl\u00e8te (MDA) est une matrice d&rsquo;habilet\u00e9s cl\u00e9s qu&rsquo;une joueuse ou athl\u00e8te doit d\u00e9velopper en participant au sport au niveau local ou de haute performance. Document de Matrice du d\u00e9veloppement \u00e0 long terme de l&rsquo;athl\u00e8te Les essentiels Ce document est un aper\u00e7u des composantes fondamentales de formation de l\u2019athl\u00e8te en d\u00e9veloppement [&hellip;]","og_url":"https:\/\/ltrd.ringette.ca\/fr\/athlete-2\/french\/","og_site_name":"Long-Term Ringette Development","article_modified_time":"2020-10-22T14:41:31+00:00","twitter_card":"summary_large_image","twitter_misc":{"Dur\u00e9e de lecture estim\u00e9e":"2 minutes"},"schema":{"@context":"https:\/\/schema.org","@graph":[{"@type":"WebPage","@id":"https:\/\/ltrd.ringette.ca\/fr\/athlete-2\/french\/","url":"https:\/\/ltrd.ringette.ca\/fr\/athlete-2\/french\/","name":"Matrice du d\u00e9veloppement \u00e0 long terme de l'athl\u00e8te &#8226; Long-Term Ringette Development","isPartOf":{"@id":"https:\/\/ltrd.ringette.ca\/fr\/#website"},"datePublished":"2017-03-31T14:09:43+00:00","dateModified":"2020-10-22T14:41:31+00:00","breadcrumb":{"@id":"https:\/\/ltrd.ringette.ca\/fr\/athlete-2\/french\/#breadcrumb"},"inLanguage":"fr-FR","potentialAction":[{"@type":"ReadAction","target":["https:\/\/ltrd.ringette.ca\/fr\/athlete-2\/french\/"]}]},{"@type":"BreadcrumbList","@id":"https:\/\/ltrd.ringette.ca\/fr\/athlete-2\/french\/#breadcrumb","itemListElement":[{"@type":"ListItem","position":1,"name":"Home","item":"https:\/\/ltrd.ringette.ca\/fr\/"},{"@type":"ListItem","position":2,"name":"Athl\u00e8te","item":"https:\/\/ltrd.ringette.ca\/fr\/athlete-2\/"},{"@type":"ListItem","position":3,"name":"Matrice du d\u00e9veloppement \u00e0 long terme de l&rsquo;athl\u00e8te"}]},{"@type":"WebSite","@id":"https:\/\/ltrd.ringette.ca\/fr\/#website","url":"https:\/\/ltrd.ringette.ca\/fr\/","name":"Long-Term Ringette Development","description":"","publisher":{"@id":"https:\/\/ltrd.ringette.ca\/fr\/#organization"},"potentialAction":[{"@type":"SearchAction","target":{"@type":"EntryPoint","urlTemplate":"https:\/\/ltrd.ringette.ca\/fr\/?s={search_term_string}"},"query-input":{"@type":"PropertyValueSpecification","valueRequired":true,"valueName":"search_term_string"}}],"inLanguage":"fr-FR"},{"@type":"Organization","@id":"https:\/\/ltrd.ringette.ca\/fr\/#organization","name":"Long Term Ringette Development","url":"https:\/\/ltrd.ringette.ca\/fr\/","logo":{"@type":"ImageObject","inLanguage":"fr-FR","@id":"https:\/\/ltrd.ringette.ca\/fr\/#\/schema\/logo\/image\/","url":"https:\/\/ltrd.ringette.ca\/wp-content\/uploads\/2016\/04\/LTRD-login-logo.png","contentUrl":"https:\/\/ltrd.ringette.ca\/wp-content\/uploads\/2016\/04\/LTRD-login-logo.png","width":320,"height":84,"caption":"Long Term Ringette Development"},"image":{"@id":"https:\/\/ltrd.ringette.ca\/fr\/#\/schema\/logo\/image\/"}}]}},"_links":{"self":[{"href":"https:\/\/ltrd.ringette.ca\/fr\/wp-json\/wp\/v2\/pages\/195","targetHints":{"allow":["GET"]}}],"collection":[{"href":"https:\/\/ltrd.ringette.ca\/fr\/wp-json\/wp\/v2\/pages"}],"about":[{"href":"https:\/\/ltrd.ringette.ca\/fr\/wp-json\/wp\/v2\/types\/page"}],"author":[{"embeddable":true,"href":"https:\/\/ltrd.ringette.ca\/fr\/wp-json\/wp\/v2\/users\/2"}],"replies":[{"embeddable":true,"href":"https:\/\/ltrd.ringette.ca\/fr\/wp-json\/wp\/v2\/comments?post=195"}],"version-history":[{"count":10,"href":"https:\/\/ltrd.ringette.ca\/fr\/wp-json\/wp\/v2\/pages\/195\/revisions"}],"predecessor-version":[{"id":462,"href":"https:\/\/ltrd.ringette.ca\/fr\/wp-json\/wp\/v2\/pages\/195\/revisions\/462"}],"up":[{"embeddable":true,"href":"https:\/\/ltrd.ringette.ca\/fr\/wp-json\/wp\/v2\/pages\/38"}],"wp:attachment":[{"href":"https:\/\/ltrd.ringette.ca\/fr\/wp-json\/wp\/v2\/media?parent=195"}],"curies":[{"name":"wp","href":"https:\/\/api.w.org\/{rel}","templated":true}]}}