{"id":246,"date":"2018-02-08T22:22:54","date_gmt":"2018-02-08T22:22:54","guid":{"rendered":"http:\/\/ltrd.ringette.ca\/athlete-2\/long-term-athlete-development-pathway\/"},"modified":"2018-02-12T16:51:42","modified_gmt":"2018-02-12T16:51:42","slug":"long-term-athlete-development-pathway","status":"publish","type":"page","link":"https:\/\/ltrd.ringette.ca\/fr\/athlete-2\/long-term-athlete-development-pathway\/","title":{"rendered":"Cheminement du d\u00e9veloppement \u00e0 long terme de l&rsquo;athl\u00e8te"},"content":{"rendered":"<p><img loading=\"lazy\" decoding=\"async\" class=\"aligncenter size-full wp-image-250\" src=\"http:\/\/ltrd.ringette.ca\/wp-content\/uploads\/2018\/02\/Ringette_Canada_Pathways_2_vFR.jpg\" alt=\"\" width=\"804\" height=\"804\" srcset=\"https:\/\/ltrd.ringette.ca\/wp-content\/uploads\/2018\/02\/Ringette_Canada_Pathways_2_vFR.jpg 804w, https:\/\/ltrd.ringette.ca\/wp-content\/uploads\/2018\/02\/Ringette_Canada_Pathways_2_vFR-150x150.jpg 150w, https:\/\/ltrd.ringette.ca\/wp-content\/uploads\/2018\/02\/Ringette_Canada_Pathways_2_vFR-300x300.jpg 300w, https:\/\/ltrd.ringette.ca\/wp-content\/uploads\/2018\/02\/Ringette_Canada_Pathways_2_vFR-768x768.jpg 768w\" sizes=\"auto, (max-width: 804px) 100vw, 804px\" \/><\/p>\n","protected":false},"excerpt":{"rendered":"","protected":false},"author":2,"featured_media":0,"parent":38,"menu_order":0,"comment_status":"closed","ping_status":"closed","template":"","meta":{"_acf_changed":false,"footnotes":""},"class_list":["post-246","page","type-page","status-publish","hentry"],"acf":[],"yoast_head":"<!-- This site is optimized with the Yoast SEO plugin v25.3.1 - https:\/\/yoast.com\/wordpress\/plugins\/seo\/ -->\n<title>Cheminement du d\u00e9veloppement \u00e0 long terme de l&#039;athl\u00e8te &#8226; Long-Term Ringette Development<\/title>\n<meta name=\"robots\" content=\"index, follow, max-snippet:-1, max-image-preview:large, max-video-preview:-1\" \/>\n<link rel=\"canonical\" href=\"https:\/\/ltrd.ringette.ca\/fr\/athlete-2\/long-term-athlete-development-pathway\/\" \/>\n<meta property=\"og:locale\" content=\"fr_FR\" \/>\n<meta property=\"og:type\" content=\"article\" \/>\n<meta property=\"og:title\" content=\"Cheminement du d\u00e9veloppement \u00e0 long terme de l&#039;athl\u00e8te &#8226; Long-Term Ringette Development\" \/>\n<meta property=\"og:url\" content=\"https:\/\/ltrd.ringette.ca\/fr\/athlete-2\/long-term-athlete-development-pathway\/\" \/>\n<meta property=\"og:site_name\" content=\"Long-Term Ringette Development\" \/>\n<meta property=\"article:modified_time\" content=\"2018-02-12T16:51:42+00:00\" \/>\n<meta property=\"og:image\" content=\"http:\/\/ltrd.ringette.ca\/wp-content\/uploads\/2018\/02\/Ringette_Canada_Pathways_2_vFR.jpg\" \/>\n<meta name=\"twitter:card\" content=\"summary_large_image\" \/>\n<script type=\"application\/ld+json\" class=\"yoast-schema-graph\">{\"@context\":\"https:\/\/schema.org\",\"@graph\":[{\"@type\":\"WebPage\",\"@id\":\"https:\/\/ltrd.ringette.ca\/fr\/athlete-2\/long-term-athlete-development-pathway\/\",\"url\":\"https:\/\/ltrd.ringette.ca\/fr\/athlete-2\/long-term-athlete-development-pathway\/\",\"name\":\"Cheminement du d\u00e9veloppement \u00e0 long terme de l'athl\u00e8te &#8226; Long-Term Ringette Development\",\"isPartOf\":{\"@id\":\"https:\/\/ltrd.ringette.ca\/fr\/#website\"},\"primaryImageOfPage\":{\"@id\":\"https:\/\/ltrd.ringette.ca\/fr\/athlete-2\/long-term-athlete-development-pathway\/#primaryimage\"},\"image\":{\"@id\":\"https:\/\/ltrd.ringette.ca\/fr\/athlete-2\/long-term-athlete-development-pathway\/#primaryimage\"},\"thumbnailUrl\":\"http:\/\/ltrd.ringette.ca\/wp-content\/uploads\/2018\/02\/Ringette_Canada_Pathways_2_vFR.jpg\",\"datePublished\":\"2018-02-08T22:22:54+00:00\",\"dateModified\":\"2018-02-12T16:51:42+00:00\",\"breadcrumb\":{\"@id\":\"https:\/\/ltrd.ringette.ca\/fr\/athlete-2\/long-term-athlete-development-pathway\/#breadcrumb\"},\"inLanguage\":\"fr-FR\",\"potentialAction\":[{\"@type\":\"ReadAction\",\"target\":[\"https:\/\/ltrd.ringette.ca\/fr\/athlete-2\/long-term-athlete-development-pathway\/\"]}]},{\"@type\":\"ImageObject\",\"inLanguage\":\"fr-FR\",\"@id\":\"https:\/\/ltrd.ringette.ca\/fr\/athlete-2\/long-term-athlete-development-pathway\/#primaryimage\",\"url\":\"http:\/\/ltrd.ringette.ca\/wp-content\/uploads\/2018\/02\/Ringette_Canada_Pathways_2_vFR.jpg\",\"contentUrl\":\"http:\/\/ltrd.ringette.ca\/wp-content\/uploads\/2018\/02\/Ringette_Canada_Pathways_2_vFR.jpg\"},{\"@type\":\"BreadcrumbList\",\"@id\":\"https:\/\/ltrd.ringette.ca\/fr\/athlete-2\/long-term-athlete-development-pathway\/#breadcrumb\",\"itemListElement\":[{\"@type\":\"ListItem\",\"position\":1,\"name\":\"Home\",\"item\":\"https:\/\/ltrd.ringette.ca\/fr\/\"},{\"@type\":\"ListItem\",\"position\":2,\"name\":\"Athl\u00e8te\",\"item\":\"https:\/\/ltrd.ringette.ca\/fr\/athlete-2\/\"},{\"@type\":\"ListItem\",\"position\":3,\"name\":\"Cheminement du d\u00e9veloppement \u00e0 long terme de l&#8217;athl\u00e8te\"}]},{\"@type\":\"WebSite\",\"@id\":\"https:\/\/ltrd.ringette.ca\/fr\/#website\",\"url\":\"https:\/\/ltrd.ringette.ca\/fr\/\",\"name\":\"Long-Term Ringette Development\",\"description\":\"\",\"publisher\":{\"@id\":\"https:\/\/ltrd.ringette.ca\/fr\/#organization\"},\"potentialAction\":[{\"@type\":\"SearchAction\",\"target\":{\"@type\":\"EntryPoint\",\"urlTemplate\":\"https:\/\/ltrd.ringette.ca\/fr\/?s={search_term_string}\"},\"query-input\":{\"@type\":\"PropertyValueSpecification\",\"valueRequired\":true,\"valueName\":\"search_term_string\"}}],\"inLanguage\":\"fr-FR\"},{\"@type\":\"Organization\",\"@id\":\"https:\/\/ltrd.ringette.ca\/fr\/#organization\",\"name\":\"Long Term Ringette Development\",\"url\":\"https:\/\/ltrd.ringette.ca\/fr\/\",\"logo\":{\"@type\":\"ImageObject\",\"inLanguage\":\"fr-FR\",\"@id\":\"https:\/\/ltrd.ringette.ca\/fr\/#\/schema\/logo\/image\/\",\"url\":\"https:\/\/ltrd.ringette.ca\/wp-content\/uploads\/2016\/04\/LTRD-login-logo.png\",\"contentUrl\":\"https:\/\/ltrd.ringette.ca\/wp-content\/uploads\/2016\/04\/LTRD-login-logo.png\",\"width\":320,\"height\":84,\"caption\":\"Long Term Ringette Development\"},\"image\":{\"@id\":\"https:\/\/ltrd.ringette.ca\/fr\/#\/schema\/logo\/image\/\"}}]}<\/script>\n<!-- \/ Yoast SEO plugin. -->","yoast_head_json":{"title":"Cheminement du d\u00e9veloppement \u00e0 long terme de l'athl\u00e8te &#8226; Long-Term Ringette Development","robots":{"index":"index","follow":"follow","max-snippet":"max-snippet:-1","max-image-preview":"max-image-preview:large","max-video-preview":"max-video-preview:-1"},"canonical":"https:\/\/ltrd.ringette.ca\/fr\/athlete-2\/long-term-athlete-development-pathway\/","og_locale":"fr_FR","og_type":"article","og_title":"Cheminement du d\u00e9veloppement \u00e0 long terme de l'athl\u00e8te &#8226; Long-Term Ringette Development","og_url":"https:\/\/ltrd.ringette.ca\/fr\/athlete-2\/long-term-athlete-development-pathway\/","og_site_name":"Long-Term Ringette Development","article_modified_time":"2018-02-12T16:51:42+00:00","og_image":[{"url":"http:\/\/ltrd.ringette.ca\/wp-content\/uploads\/2018\/02\/Ringette_Canada_Pathways_2_vFR.jpg","type":"","width":"","height":""}],"twitter_card":"summary_large_image","schema":{"@context":"https:\/\/schema.org","@graph":[{"@type":"WebPage","@id":"https:\/\/ltrd.ringette.ca\/fr\/athlete-2\/long-term-athlete-development-pathway\/","url":"https:\/\/ltrd.ringette.ca\/fr\/athlete-2\/long-term-athlete-development-pathway\/","name":"Cheminement du d\u00e9veloppement \u00e0 long terme de l'athl\u00e8te &#8226; Long-Term Ringette Development","isPartOf":{"@id":"https:\/\/ltrd.ringette.ca\/fr\/#website"},"primaryImageOfPage":{"@id":"https:\/\/ltrd.ringette.ca\/fr\/athlete-2\/long-term-athlete-development-pathway\/#primaryimage"},"image":{"@id":"https:\/\/ltrd.ringette.ca\/fr\/athlete-2\/long-term-athlete-development-pathway\/#primaryimage"},"thumbnailUrl":"http:\/\/ltrd.ringette.ca\/wp-content\/uploads\/2018\/02\/Ringette_Canada_Pathways_2_vFR.jpg","datePublished":"2018-02-08T22:22:54+00:00","dateModified":"2018-02-12T16:51:42+00:00","breadcrumb":{"@id":"https:\/\/ltrd.ringette.ca\/fr\/athlete-2\/long-term-athlete-development-pathway\/#breadcrumb"},"inLanguage":"fr-FR","potentialAction":[{"@type":"ReadAction","target":["https:\/\/ltrd.ringette.ca\/fr\/athlete-2\/long-term-athlete-development-pathway\/"]}]},{"@type":"ImageObject","inLanguage":"fr-FR","@id":"https:\/\/ltrd.ringette.ca\/fr\/athlete-2\/long-term-athlete-development-pathway\/#primaryimage","url":"http:\/\/ltrd.ringette.ca\/wp-content\/uploads\/2018\/02\/Ringette_Canada_Pathways_2_vFR.jpg","contentUrl":"http:\/\/ltrd.ringette.ca\/wp-content\/uploads\/2018\/02\/Ringette_Canada_Pathways_2_vFR.jpg"},{"@type":"BreadcrumbList","@id":"https:\/\/ltrd.ringette.ca\/fr\/athlete-2\/long-term-athlete-development-pathway\/#breadcrumb","itemListElement":[{"@type":"ListItem","position":1,"name":"Home","item":"https:\/\/ltrd.ringette.ca\/fr\/"},{"@type":"ListItem","position":2,"name":"Athl\u00e8te","item":"https:\/\/ltrd.ringette.ca\/fr\/athlete-2\/"},{"@type":"ListItem","position":3,"name":"Cheminement du d\u00e9veloppement \u00e0 long terme de l&#8217;athl\u00e8te"}]},{"@type":"WebSite","@id":"https:\/\/ltrd.ringette.ca\/fr\/#website","url":"https:\/\/ltrd.ringette.ca\/fr\/","name":"Long-Term Ringette Development","description":"","publisher":{"@id":"https:\/\/ltrd.ringette.ca\/fr\/#organization"},"potentialAction":[{"@type":"SearchAction","target":{"@type":"EntryPoint","urlTemplate":"https:\/\/ltrd.ringette.ca\/fr\/?s={search_term_string}"},"query-input":{"@type":"PropertyValueSpecification","valueRequired":true,"valueName":"search_term_string"}}],"inLanguage":"fr-FR"},{"@type":"Organization","@id":"https:\/\/ltrd.ringette.ca\/fr\/#organization","name":"Long Term Ringette Development","url":"https:\/\/ltrd.ringette.ca\/fr\/","logo":{"@type":"ImageObject","inLanguage":"fr-FR","@id":"https:\/\/ltrd.ringette.ca\/fr\/#\/schema\/logo\/image\/","url":"https:\/\/ltrd.ringette.ca\/wp-content\/uploads\/2016\/04\/LTRD-login-logo.png","contentUrl":"https:\/\/ltrd.ringette.ca\/wp-content\/uploads\/2016\/04\/LTRD-login-logo.png","width":320,"height":84,"caption":"Long Term Ringette Development"},"image":{"@id":"https:\/\/ltrd.ringette.ca\/fr\/#\/schema\/logo\/image\/"}}]}},"_links":{"self":[{"href":"https:\/\/ltrd.ringette.ca\/fr\/wp-json\/wp\/v2\/pages\/246","targetHints":{"allow":["GET"]}}],"collection":[{"href":"https:\/\/ltrd.ringette.ca\/fr\/wp-json\/wp\/v2\/pages"}],"about":[{"href":"https:\/\/ltrd.ringette.ca\/fr\/wp-json\/wp\/v2\/types\/page"}],"author":[{"embeddable":true,"href":"https:\/\/ltrd.ringette.ca\/fr\/wp-json\/wp\/v2\/users\/2"}],"replies":[{"embeddable":true,"href":"https:\/\/ltrd.ringette.ca\/fr\/wp-json\/wp\/v2\/comments?post=246"}],"version-history":[{"count":3,"href":"https:\/\/ltrd.ringette.ca\/fr\/wp-json\/wp\/v2\/pages\/246\/revisions"}],"predecessor-version":[{"id":255,"href":"https:\/\/ltrd.ringette.ca\/fr\/wp-json\/wp\/v2\/pages\/246\/revisions\/255"}],"up":[{"embeddable":true,"href":"https:\/\/ltrd.ringette.ca\/fr\/wp-json\/wp\/v2\/pages\/38"}],"wp:attachment":[{"href":"https:\/\/ltrd.ringette.ca\/fr\/wp-json\/wp\/v2\/media?parent=246"}],"curies":[{"name":"wp","href":"https:\/\/api.w.org\/{rel}","templated":true}]}}