{"id":276,"date":"2018-02-16T15:25:34","date_gmt":"2018-02-16T15:25:34","guid":{"rendered":"http:\/\/ltrd.ringette.ca\/?page_id=276\/"},"modified":"2019-10-22T14:52:08","modified_gmt":"2019-10-22T14:52:08","slug":"revue-des-competitions","status":"publish","type":"page","link":"https:\/\/ltrd.ringette.ca\/fr\/athlete-2\/revue-des-competitions\/","title":{"rendered":"Revue des comp\u00e9titions"},"content":{"rendered":"<p>La revue des comp\u00e9titions de Ringuette Canada a \u00e9t\u00e9 un processus approfondi qui s&rsquo;est d\u00e9roul\u00e9 sur deux ans environ. Il a offert aux intervenants de multiples occasions d&rsquo;y apporter leur contribution et a garanti une harmonisation du syst\u00e8me dans son ensemble, tandis que les essentiels du d\u00e9veloppement \u00e0 long terme de l&rsquo;athl\u00e8te et le programme de haute performance de Ringuette Canada \u00e9taient \u00e9labor\u00e9s.<\/p>\n<p><strong>Sommaire ex\u00e9cutif <\/strong><\/p>\n<p>Ringuette Canada, qui est depuis longtemps un chef de file du d\u00e9veloppement \u00e0 long terme de l&rsquo;athl\u00e8te (DLTA), a harmonis\u00e9 ses programmes de formation des entra\u00eeneurs et des officiels avec les stades de DLTA, et produit des ressources de qualit\u00e9 pour soutenir ses principaux leadeurs. L&rsquo;ach\u00e8vement de la revue des comp\u00e9titions constitue une prochaine \u00e9tape importante pour garantir une exp\u00e9rience sportive de qualit\u00e9 aux pratiquants de ringuette de tous les \u00e2ges et de tous les stades de d\u00e9veloppement. Le syst\u00e8me de Ringuette Canada n&rsquo;est pas bris\u00e9, mais il faut analyser les comp\u00e9titions et les programmes du syst\u00e8me afin d&rsquo;assurer leur harmonisation et de garantir qu&rsquo;ils sont appropri\u00e9s en ce qui concerne le d\u00e9veloppement des athl\u00e8tes.<\/p>\n<p>Pour Ringuette Canada et ses membres, le pr\u00e9sent rapport constitue un point de d\u00e9part d&rsquo;un remaniement du syst\u00e8me de comp\u00e9titions pour l&rsquo;avenir. Ce rapport \u00e9num\u00e8re <strong>61 recommandations<\/strong> indiquant comment on peut adapter le syst\u00e8me de comp\u00e9titions et les autres aspects des programmes de ringuette pour mieux structurer la ringuette afin qu&rsquo;elle soutienne mieux le d\u00e9veloppement \u00e0 long terme de ses participantes. Beaucoup de ces recommandations sont interd\u00e9pendantes. Dans certains cas, il faut que l&rsquo;application d&rsquo;une s\u00e9rie de recommandations soit termin\u00e9e avant qu&rsquo;on puisse mettre en \u0153uvre la prochaine s\u00e9rie de recommandations.<\/p>\n<p>Le pr\u00e9sent rapport a pour objet d&rsquo;aider les membres du personnel, les b\u00e9n\u00e9voles et les groupes de travail \u00e0 concevoir des programmes et des politiques. Les personnes et groupes repr\u00e9sentant Ringuette Canada et les associations provinciales et locales seraient alors responsables de transformer ces recommandations en actions.<\/p>\n<p>Le <strong>Rapport sur la revue des comp\u00e9titions et restructuration<\/strong> peut \u00eatre t\u00e9l\u00e9charg\u00e9 ici:<\/p>\n<p><a href=\"http:\/\/ltrd.ringette.ca\/wp-content\/uploads\/2019\/10\/Rapport-sur-la-revue-des-comp\u00e9titions-et-restructuration.pdf\" target=\"_blank\" rel=\"noopener noreferrer\"><img loading=\"lazy\" decoding=\"async\" class=\"aligncenter  wp-image-424\" src=\"http:\/\/ltrd.ringette.ca\/wp-content\/uploads\/2019\/10\/Comp-Review-cover-Fr.png\" alt=\"\" width=\"552\" height=\"712\" srcset=\"https:\/\/ltrd.ringette.ca\/wp-content\/uploads\/2019\/10\/Comp-Review-cover-Fr.png 651w, https:\/\/ltrd.ringette.ca\/wp-content\/uploads\/2019\/10\/Comp-Review-cover-Fr-233x300.png 233w\" sizes=\"auto, (max-width: 552px) 100vw, 552px\" \/><\/a><\/p>\n","protected":false},"excerpt":{"rendered":"<p>La revue des comp\u00e9titions de Ringuette Canada a \u00e9t\u00e9 un processus approfondi qui s&rsquo;est d\u00e9roul\u00e9 sur deux ans environ. Il a offert aux intervenants de multiples occasions d&rsquo;y apporter leur contribution et a garanti une harmonisation du syst\u00e8me dans son ensemble, tandis que les essentiels du d\u00e9veloppement \u00e0 long terme de l&rsquo;athl\u00e8te et le programme [&hellip;]<\/p>\n","protected":false},"author":2,"featured_media":0,"parent":38,"menu_order":0,"comment_status":"closed","ping_status":"closed","template":"","meta":{"_acf_changed":false,"footnotes":""},"class_list":["post-276","page","type-page","status-publish","hentry"],"acf":[],"yoast_head":"<!-- This site is optimized with the Yoast SEO plugin v25.3.1 - https:\/\/yoast.com\/wordpress\/plugins\/seo\/ -->\n<title>Revue des comp\u00e9titions &#8226; Long-Term Ringette Development<\/title>\n<meta name=\"robots\" content=\"index, follow, max-snippet:-1, max-image-preview:large, max-video-preview:-1\" \/>\n<link rel=\"canonical\" href=\"https:\/\/ltrd.ringette.ca\/fr\/athlete-2\/revue-des-competitions\/\" \/>\n<meta property=\"og:locale\" content=\"fr_FR\" \/>\n<meta property=\"og:type\" content=\"article\" \/>\n<meta property=\"og:title\" content=\"Revue des comp\u00e9titions &#8226; Long-Term Ringette Development\" \/>\n<meta property=\"og:description\" content=\"La revue des comp\u00e9titions de Ringuette Canada a \u00e9t\u00e9 un processus approfondi qui s&rsquo;est d\u00e9roul\u00e9 sur deux ans environ. Il a offert aux intervenants de multiples occasions d&rsquo;y apporter leur contribution et a garanti une harmonisation du syst\u00e8me dans son ensemble, tandis que les essentiels du d\u00e9veloppement \u00e0 long terme de l&rsquo;athl\u00e8te et le programme [&hellip;]\" \/>\n<meta property=\"og:url\" content=\"https:\/\/ltrd.ringette.ca\/fr\/athlete-2\/revue-des-competitions\/\" \/>\n<meta property=\"og:site_name\" content=\"Long-Term Ringette Development\" \/>\n<meta property=\"article:modified_time\" content=\"2019-10-22T14:52:08+00:00\" \/>\n<meta property=\"og:image\" content=\"http:\/\/ltrd.ringette.ca\/wp-content\/uploads\/2019\/10\/Comp-Review-cover-Fr.png\" \/>\n<meta name=\"twitter:card\" content=\"summary_large_image\" \/>\n<meta name=\"twitter:label1\" content=\"Dur\u00e9e de lecture estim\u00e9e\" \/>\n\t<meta name=\"twitter:data1\" content=\"2 minutes\" \/>\n<script type=\"application\/ld+json\" class=\"yoast-schema-graph\">{\"@context\":\"https:\/\/schema.org\",\"@graph\":[{\"@type\":\"WebPage\",\"@id\":\"https:\/\/ltrd.ringette.ca\/fr\/athlete-2\/revue-des-competitions\/\",\"url\":\"https:\/\/ltrd.ringette.ca\/fr\/athlete-2\/revue-des-competitions\/\",\"name\":\"Revue des comp\u00e9titions &#8226; Long-Term Ringette Development\",\"isPartOf\":{\"@id\":\"https:\/\/ltrd.ringette.ca\/fr\/#website\"},\"primaryImageOfPage\":{\"@id\":\"https:\/\/ltrd.ringette.ca\/fr\/athlete-2\/revue-des-competitions\/#primaryimage\"},\"image\":{\"@id\":\"https:\/\/ltrd.ringette.ca\/fr\/athlete-2\/revue-des-competitions\/#primaryimage\"},\"thumbnailUrl\":\"http:\/\/ltrd.ringette.ca\/wp-content\/uploads\/2019\/10\/Comp-Review-cover-Fr.png\",\"datePublished\":\"2018-02-16T15:25:34+00:00\",\"dateModified\":\"2019-10-22T14:52:08+00:00\",\"breadcrumb\":{\"@id\":\"https:\/\/ltrd.ringette.ca\/fr\/athlete-2\/revue-des-competitions\/#breadcrumb\"},\"inLanguage\":\"fr-FR\",\"potentialAction\":[{\"@type\":\"ReadAction\",\"target\":[\"https:\/\/ltrd.ringette.ca\/fr\/athlete-2\/revue-des-competitions\/\"]}]},{\"@type\":\"ImageObject\",\"inLanguage\":\"fr-FR\",\"@id\":\"https:\/\/ltrd.ringette.ca\/fr\/athlete-2\/revue-des-competitions\/#primaryimage\",\"url\":\"http:\/\/ltrd.ringette.ca\/wp-content\/uploads\/2019\/10\/Comp-Review-cover-Fr.png\",\"contentUrl\":\"http:\/\/ltrd.ringette.ca\/wp-content\/uploads\/2019\/10\/Comp-Review-cover-Fr.png\"},{\"@type\":\"BreadcrumbList\",\"@id\":\"https:\/\/ltrd.ringette.ca\/fr\/athlete-2\/revue-des-competitions\/#breadcrumb\",\"itemListElement\":[{\"@type\":\"ListItem\",\"position\":1,\"name\":\"Home\",\"item\":\"https:\/\/ltrd.ringette.ca\/fr\/\"},{\"@type\":\"ListItem\",\"position\":2,\"name\":\"Athl\u00e8te\",\"item\":\"https:\/\/ltrd.ringette.ca\/fr\/athlete-2\/\"},{\"@type\":\"ListItem\",\"position\":3,\"name\":\"Revue des comp\u00e9titions\"}]},{\"@type\":\"WebSite\",\"@id\":\"https:\/\/ltrd.ringette.ca\/fr\/#website\",\"url\":\"https:\/\/ltrd.ringette.ca\/fr\/\",\"name\":\"Long-Term Ringette Development\",\"description\":\"\",\"publisher\":{\"@id\":\"https:\/\/ltrd.ringette.ca\/fr\/#organization\"},\"potentialAction\":[{\"@type\":\"SearchAction\",\"target\":{\"@type\":\"EntryPoint\",\"urlTemplate\":\"https:\/\/ltrd.ringette.ca\/fr\/?s={search_term_string}\"},\"query-input\":{\"@type\":\"PropertyValueSpecification\",\"valueRequired\":true,\"valueName\":\"search_term_string\"}}],\"inLanguage\":\"fr-FR\"},{\"@type\":\"Organization\",\"@id\":\"https:\/\/ltrd.ringette.ca\/fr\/#organization\",\"name\":\"Long Term Ringette Development\",\"url\":\"https:\/\/ltrd.ringette.ca\/fr\/\",\"logo\":{\"@type\":\"ImageObject\",\"inLanguage\":\"fr-FR\",\"@id\":\"https:\/\/ltrd.ringette.ca\/fr\/#\/schema\/logo\/image\/\",\"url\":\"https:\/\/ltrd.ringette.ca\/wp-content\/uploads\/2016\/04\/LTRD-login-logo.png\",\"contentUrl\":\"https:\/\/ltrd.ringette.ca\/wp-content\/uploads\/2016\/04\/LTRD-login-logo.png\",\"width\":320,\"height\":84,\"caption\":\"Long Term Ringette Development\"},\"image\":{\"@id\":\"https:\/\/ltrd.ringette.ca\/fr\/#\/schema\/logo\/image\/\"}}]}<\/script>\n<!-- \/ Yoast SEO plugin. -->","yoast_head_json":{"title":"Revue des comp\u00e9titions &#8226; Long-Term Ringette Development","robots":{"index":"index","follow":"follow","max-snippet":"max-snippet:-1","max-image-preview":"max-image-preview:large","max-video-preview":"max-video-preview:-1"},"canonical":"https:\/\/ltrd.ringette.ca\/fr\/athlete-2\/revue-des-competitions\/","og_locale":"fr_FR","og_type":"article","og_title":"Revue des comp\u00e9titions &#8226; Long-Term Ringette Development","og_description":"La revue des comp\u00e9titions de Ringuette Canada a \u00e9t\u00e9 un processus approfondi qui s&rsquo;est d\u00e9roul\u00e9 sur deux ans environ. Il a offert aux intervenants de multiples occasions d&rsquo;y apporter leur contribution et a garanti une harmonisation du syst\u00e8me dans son ensemble, tandis que les essentiels du d\u00e9veloppement \u00e0 long terme de l&rsquo;athl\u00e8te et le programme [&hellip;]","og_url":"https:\/\/ltrd.ringette.ca\/fr\/athlete-2\/revue-des-competitions\/","og_site_name":"Long-Term Ringette Development","article_modified_time":"2019-10-22T14:52:08+00:00","og_image":[{"url":"http:\/\/ltrd.ringette.ca\/wp-content\/uploads\/2019\/10\/Comp-Review-cover-Fr.png","type":"","width":"","height":""}],"twitter_card":"summary_large_image","twitter_misc":{"Dur\u00e9e de lecture estim\u00e9e":"2 minutes"},"schema":{"@context":"https:\/\/schema.org","@graph":[{"@type":"WebPage","@id":"https:\/\/ltrd.ringette.ca\/fr\/athlete-2\/revue-des-competitions\/","url":"https:\/\/ltrd.ringette.ca\/fr\/athlete-2\/revue-des-competitions\/","name":"Revue des comp\u00e9titions &#8226; Long-Term Ringette Development","isPartOf":{"@id":"https:\/\/ltrd.ringette.ca\/fr\/#website"},"primaryImageOfPage":{"@id":"https:\/\/ltrd.ringette.ca\/fr\/athlete-2\/revue-des-competitions\/#primaryimage"},"image":{"@id":"https:\/\/ltrd.ringette.ca\/fr\/athlete-2\/revue-des-competitions\/#primaryimage"},"thumbnailUrl":"http:\/\/ltrd.ringette.ca\/wp-content\/uploads\/2019\/10\/Comp-Review-cover-Fr.png","datePublished":"2018-02-16T15:25:34+00:00","dateModified":"2019-10-22T14:52:08+00:00","breadcrumb":{"@id":"https:\/\/ltrd.ringette.ca\/fr\/athlete-2\/revue-des-competitions\/#breadcrumb"},"inLanguage":"fr-FR","potentialAction":[{"@type":"ReadAction","target":["https:\/\/ltrd.ringette.ca\/fr\/athlete-2\/revue-des-competitions\/"]}]},{"@type":"ImageObject","inLanguage":"fr-FR","@id":"https:\/\/ltrd.ringette.ca\/fr\/athlete-2\/revue-des-competitions\/#primaryimage","url":"http:\/\/ltrd.ringette.ca\/wp-content\/uploads\/2019\/10\/Comp-Review-cover-Fr.png","contentUrl":"http:\/\/ltrd.ringette.ca\/wp-content\/uploads\/2019\/10\/Comp-Review-cover-Fr.png"},{"@type":"BreadcrumbList","@id":"https:\/\/ltrd.ringette.ca\/fr\/athlete-2\/revue-des-competitions\/#breadcrumb","itemListElement":[{"@type":"ListItem","position":1,"name":"Home","item":"https:\/\/ltrd.ringette.ca\/fr\/"},{"@type":"ListItem","position":2,"name":"Athl\u00e8te","item":"https:\/\/ltrd.ringette.ca\/fr\/athlete-2\/"},{"@type":"ListItem","position":3,"name":"Revue des comp\u00e9titions"}]},{"@type":"WebSite","@id":"https:\/\/ltrd.ringette.ca\/fr\/#website","url":"https:\/\/ltrd.ringette.ca\/fr\/","name":"Long-Term Ringette Development","description":"","publisher":{"@id":"https:\/\/ltrd.ringette.ca\/fr\/#organization"},"potentialAction":[{"@type":"SearchAction","target":{"@type":"EntryPoint","urlTemplate":"https:\/\/ltrd.ringette.ca\/fr\/?s={search_term_string}"},"query-input":{"@type":"PropertyValueSpecification","valueRequired":true,"valueName":"search_term_string"}}],"inLanguage":"fr-FR"},{"@type":"Organization","@id":"https:\/\/ltrd.ringette.ca\/fr\/#organization","name":"Long Term Ringette Development","url":"https:\/\/ltrd.ringette.ca\/fr\/","logo":{"@type":"ImageObject","inLanguage":"fr-FR","@id":"https:\/\/ltrd.ringette.ca\/fr\/#\/schema\/logo\/image\/","url":"https:\/\/ltrd.ringette.ca\/wp-content\/uploads\/2016\/04\/LTRD-login-logo.png","contentUrl":"https:\/\/ltrd.ringette.ca\/wp-content\/uploads\/2016\/04\/LTRD-login-logo.png","width":320,"height":84,"caption":"Long Term Ringette Development"},"image":{"@id":"https:\/\/ltrd.ringette.ca\/fr\/#\/schema\/logo\/image\/"}}]}},"_links":{"self":[{"href":"https:\/\/ltrd.ringette.ca\/fr\/wp-json\/wp\/v2\/pages\/276","targetHints":{"allow":["GET"]}}],"collection":[{"href":"https:\/\/ltrd.ringette.ca\/fr\/wp-json\/wp\/v2\/pages"}],"about":[{"href":"https:\/\/ltrd.ringette.ca\/fr\/wp-json\/wp\/v2\/types\/page"}],"author":[{"embeddable":true,"href":"https:\/\/ltrd.ringette.ca\/fr\/wp-json\/wp\/v2\/users\/2"}],"replies":[{"embeddable":true,"href":"https:\/\/ltrd.ringette.ca\/fr\/wp-json\/wp\/v2\/comments?post=276"}],"version-history":[{"count":9,"href":"https:\/\/ltrd.ringette.ca\/fr\/wp-json\/wp\/v2\/pages\/276\/revisions"}],"predecessor-version":[{"id":431,"href":"https:\/\/ltrd.ringette.ca\/fr\/wp-json\/wp\/v2\/pages\/276\/revisions\/431"}],"up":[{"embeddable":true,"href":"https:\/\/ltrd.ringette.ca\/fr\/wp-json\/wp\/v2\/pages\/38"}],"wp:attachment":[{"href":"https:\/\/ltrd.ringette.ca\/fr\/wp-json\/wp\/v2\/media?parent=276"}],"curies":[{"name":"wp","href":"https:\/\/api.w.org\/{rel}","templated":true}]}}