{"id":38,"date":"2015-11-05T16:51:52","date_gmt":"2015-11-05T16:51:52","guid":{"rendered":"http:\/\/ltrd.ringette.ca\/?page_id=38"},"modified":"2023-09-19T17:20:12","modified_gmt":"2023-09-19T17:20:12","slug":"athlete-2","status":"publish","type":"page","link":"https:\/\/ltrd.ringette.ca\/fr\/athlete-2\/","title":{"rendered":"Athl\u00e8te"},"content":{"rendered":"<div class=\"content-box\">\n<p><a href=\"http:\/\/canadiansportforlife.ca\/fr\" target=\"_blank\" rel=\"noopener\">Au Canada, le sport c\u2019est pour la vie (ACSV)<\/a> est un mouvement qui vise \u00e0 am\u00e9liorer la qualit\u00e9 du sport et de l\u2019activit\u00e9 physique au Canada. Le mouvement ACSV cherche \u00e0 rallier le sport, l\u2019\u00e9ducation, la r\u00e9cr\u00e9ation et la sant\u00e9, et \u00e0 uniformiser les programmes communautaires, provinciaux et nationaux. Le DLTA est un mod\u00e8le de d\u00e9veloppement en sept stades, int\u00e9grant l\u2019entra\u00eenement, la comp\u00e9tition et la r\u00e9cup\u00e9ration, qui oriente l\u2019exp\u00e9rience de chaque personne en mati\u00e8re de sport et d\u2019activit\u00e9 physique, de l\u2019enfance \u00e0 l\u2019\u00e2ge adulte. Avec le DLTA, le mouvement ACSV repr\u00e9sente un v\u00e9ritable changement de paradigme dans la fa\u00e7on d\u2019administrer et de livrer le sport et l\u2019activit\u00e9 physique au Canada.<\/p>\n<p><a href=\"\/Users\/ringe\/Downloads\/Ringette_AthleteDevelopmentMatrix_FR_v3%20(1).pdf\" target=\"_blank\" rel=\"noopener\"><strong>D\u00e9veloppement \u00e0 Long Terme de l\u2019athl\u00e8te (DLTA)<\/strong><\/a><\/p>\n<hr \/>\n<p><strong>Qu\u2019est-ce que le DLTA?<\/strong><\/p>\n<p>Le DLTA est un cadre qui int\u00e8gre les programmes d\u2019entra\u00eenement de comp\u00e9tition\u00a0et de r\u00e9cup\u00e9ration, \u00e0 toutes les \u00e9tapes de la vie des participants.<\/p>\n<p>Le DLTA offre des opportunit\u00e9s d\u2019\u00e9galit\u00e9 d\u2019acc\u00e8s \u00e0 des activit\u00e9s r\u00e9cr\u00e9atives et\u00a0de comp\u00e9titions.<\/p>\n<p>Le DLTA est centr\u00e9 sur l\u2019athl\u00e8te, dirig\u00e9 par l\u2019entra\u00eeneur et\u00a0soutenu par les parents, l\u2019administration, les officiels, les\u00a0sciences de la sant\u00e9 et du sport, et les commanditaires.<\/p>\n<p>Le DLTA est centr\u00e9 sur la structure g\u00e9n\u00e9rale du d\u00e9veloppement\u00a0de l\u2019athl\u00e8te avec des r\u00e9f\u00e9rences sp\u00e9cifiques \u00e0 sa croissance,\u00a0\u00e0 sa maturation et \u00e0 son d\u00e9veloppement.<\/p>\n<p>Le DLTA est un plan de travail de restructuration compl\u00e8te du\u00a0syst\u00e8me sportif canadien qui vise \u00e0 int\u00e9grer la sant\u00e9, l\u2019\u00e9ducation,\u00a0le sport et l\u2019activit\u00e9 physique.<\/p>\n<hr \/>\n<p><strong>Pourquoi le DLTA est-il important pour Ringuette Canada?<\/strong><\/p>\n<p><em>Le DLTA est un cadre de d\u00e9veloppement optimal pour les athl\u00e8tes de tous \u00e2ges, aux centres d\u2019int\u00e9r\u00eat et aux capacit\u00e9s vari\u00e9es.<\/em> Il donne une structure aux programmes et \u00e0 leur conception, tant au niveau national qu\u2019aux niveaux provincial, communautaire et des clubs. Le cadre du DLTA indiquant les besoins pr\u00e9cis des athl\u00e8tes, il influe sur les programmes de formation des entra\u00eeneurs. Il assure que tous les participants ont la possibilit\u00e9 de r\u00e9aliser leur potentiel et que le Canada est toujours repr\u00e9sent\u00e9 sur les podiums mondiaux.<\/p>\n<p><em>Le DLTA est un moteur de changement dans notre organisation.<\/em> En comprenant et en respectant ses principes, nous sommes mieux \u00e0 m\u00eame de prendre des d\u00e9cisions \u00e9clair\u00e9es sur les futures orientations de notre sport. Il nous permet d\u2019\u00e9tablir des objectifs clairs et r\u00e9alisables, de planifier des programmes pour atteindre ces objectifs et de d\u00e9tecter et combler les lacunes de notre syst\u00e8me.<\/p>\n<p><a href=\"http:\/\/www.ringette.ca\/wp-content\/uploads\/2015\/05\/Ringette_mag_FR_WEBversion.pdf\" target=\"_blank\" rel=\"noopener\">Cliquez ici<\/a> pour savoir comment DLTA s\u2019applique \u00e0 la ringuette. En respectant les principes du DLTA, nous assurerons que nos programmes et notre structure r\u00e9pondent aux besoins de d\u00e9veloppement des participants \u00e0 chaque stade du DLTA. Ce document pr\u00e9sente le cadre de DLTA de ringuette, qui est renforc\u00e9 par l\u2019\u00e9nonc\u00e9 des Valeurs fondamentales de Ringuette Canada. Une fois enti\u00e8rement mis en oeuvre, ce cadre permettra \u00e0 Ringuette Canada de r\u00e9aliser compl\u00e8tement sa vision.<\/p>\n<\/div>\n","protected":false},"excerpt":{"rendered":"<p>Au Canada, le sport c\u2019est pour la vie (ACSV) est un mouvement qui vise \u00e0 am\u00e9liorer la qualit\u00e9 du sport et de l\u2019activit\u00e9 physique au Canada. Le mouvement ACSV cherche \u00e0 rallier le sport, l\u2019\u00e9ducation, la r\u00e9cr\u00e9ation et la sant\u00e9, et \u00e0 uniformiser les programmes communautaires, provinciaux et nationaux. Le DLTA est un mod\u00e8le de [&hellip;]<\/p>\n","protected":false},"author":1,"featured_media":0,"parent":0,"menu_order":10,"comment_status":"closed","ping_status":"closed","template":"","meta":{"_acf_changed":false,"footnotes":""},"class_list":["post-38","page","type-page","status-publish","hentry"],"acf":[],"yoast_head":"<!-- This site is optimized with the Yoast SEO plugin v25.3.1 - https:\/\/yoast.com\/wordpress\/plugins\/seo\/ -->\n<title>Athl\u00e8te &#8226; Long-Term Ringette Development<\/title>\n<meta name=\"robots\" content=\"index, follow, max-snippet:-1, max-image-preview:large, max-video-preview:-1\" \/>\n<link rel=\"canonical\" href=\"https:\/\/ltrd.ringette.ca\/fr\/athlete-2\/\" \/>\n<meta property=\"og:locale\" content=\"fr_FR\" \/>\n<meta property=\"og:type\" content=\"article\" \/>\n<meta property=\"og:title\" content=\"Athl\u00e8te &#8226; Long-Term Ringette Development\" \/>\n<meta property=\"og:description\" content=\"Au Canada, le sport c\u2019est pour la vie (ACSV) est un mouvement qui vise \u00e0 am\u00e9liorer la qualit\u00e9 du sport et de l\u2019activit\u00e9 physique au Canada. Le mouvement ACSV cherche \u00e0 rallier le sport, l\u2019\u00e9ducation, la r\u00e9cr\u00e9ation et la sant\u00e9, et \u00e0 uniformiser les programmes communautaires, provinciaux et nationaux. Le DLTA est un mod\u00e8le de [&hellip;]\" \/>\n<meta property=\"og:url\" content=\"https:\/\/ltrd.ringette.ca\/fr\/athlete-2\/\" \/>\n<meta property=\"og:site_name\" content=\"Long-Term Ringette Development\" \/>\n<meta property=\"article:modified_time\" content=\"2023-09-19T17:20:12+00:00\" \/>\n<meta name=\"twitter:card\" content=\"summary_large_image\" \/>\n<meta name=\"twitter:label1\" content=\"Dur\u00e9e de lecture estim\u00e9e\" \/>\n\t<meta name=\"twitter:data1\" content=\"3 minutes\" \/>\n<script type=\"application\/ld+json\" class=\"yoast-schema-graph\">{\"@context\":\"https:\/\/schema.org\",\"@graph\":[{\"@type\":\"WebPage\",\"@id\":\"https:\/\/ltrd.ringette.ca\/fr\/athlete-2\/\",\"url\":\"https:\/\/ltrd.ringette.ca\/fr\/athlete-2\/\",\"name\":\"Athl\u00e8te &#8226; Long-Term Ringette Development\",\"isPartOf\":{\"@id\":\"https:\/\/ltrd.ringette.ca\/fr\/#website\"},\"datePublished\":\"2015-11-05T16:51:52+00:00\",\"dateModified\":\"2023-09-19T17:20:12+00:00\",\"breadcrumb\":{\"@id\":\"https:\/\/ltrd.ringette.ca\/fr\/athlete-2\/#breadcrumb\"},\"inLanguage\":\"fr-FR\",\"potentialAction\":[{\"@type\":\"ReadAction\",\"target\":[\"https:\/\/ltrd.ringette.ca\/fr\/athlete-2\/\"]}]},{\"@type\":\"BreadcrumbList\",\"@id\":\"https:\/\/ltrd.ringette.ca\/fr\/athlete-2\/#breadcrumb\",\"itemListElement\":[{\"@type\":\"ListItem\",\"position\":1,\"name\":\"Home\",\"item\":\"https:\/\/ltrd.ringette.ca\/fr\/\"},{\"@type\":\"ListItem\",\"position\":2,\"name\":\"Athl\u00e8te\"}]},{\"@type\":\"WebSite\",\"@id\":\"https:\/\/ltrd.ringette.ca\/fr\/#website\",\"url\":\"https:\/\/ltrd.ringette.ca\/fr\/\",\"name\":\"Long-Term Ringette Development\",\"description\":\"\",\"publisher\":{\"@id\":\"https:\/\/ltrd.ringette.ca\/fr\/#organization\"},\"potentialAction\":[{\"@type\":\"SearchAction\",\"target\":{\"@type\":\"EntryPoint\",\"urlTemplate\":\"https:\/\/ltrd.ringette.ca\/fr\/?s={search_term_string}\"},\"query-input\":{\"@type\":\"PropertyValueSpecification\",\"valueRequired\":true,\"valueName\":\"search_term_string\"}}],\"inLanguage\":\"fr-FR\"},{\"@type\":\"Organization\",\"@id\":\"https:\/\/ltrd.ringette.ca\/fr\/#organization\",\"name\":\"Long Term Ringette Development\",\"url\":\"https:\/\/ltrd.ringette.ca\/fr\/\",\"logo\":{\"@type\":\"ImageObject\",\"inLanguage\":\"fr-FR\",\"@id\":\"https:\/\/ltrd.ringette.ca\/fr\/#\/schema\/logo\/image\/\",\"url\":\"https:\/\/ltrd.ringette.ca\/wp-content\/uploads\/2016\/04\/LTRD-login-logo.png\",\"contentUrl\":\"https:\/\/ltrd.ringette.ca\/wp-content\/uploads\/2016\/04\/LTRD-login-logo.png\",\"width\":320,\"height\":84,\"caption\":\"Long Term Ringette Development\"},\"image\":{\"@id\":\"https:\/\/ltrd.ringette.ca\/fr\/#\/schema\/logo\/image\/\"}}]}<\/script>\n<!-- \/ Yoast SEO plugin. -->","yoast_head_json":{"title":"Athl\u00e8te &#8226; Long-Term Ringette Development","robots":{"index":"index","follow":"follow","max-snippet":"max-snippet:-1","max-image-preview":"max-image-preview:large","max-video-preview":"max-video-preview:-1"},"canonical":"https:\/\/ltrd.ringette.ca\/fr\/athlete-2\/","og_locale":"fr_FR","og_type":"article","og_title":"Athl\u00e8te &#8226; Long-Term Ringette Development","og_description":"Au Canada, le sport c\u2019est pour la vie (ACSV) est un mouvement qui vise \u00e0 am\u00e9liorer la qualit\u00e9 du sport et de l\u2019activit\u00e9 physique au Canada. Le mouvement ACSV cherche \u00e0 rallier le sport, l\u2019\u00e9ducation, la r\u00e9cr\u00e9ation et la sant\u00e9, et \u00e0 uniformiser les programmes communautaires, provinciaux et nationaux. Le DLTA est un mod\u00e8le de [&hellip;]","og_url":"https:\/\/ltrd.ringette.ca\/fr\/athlete-2\/","og_site_name":"Long-Term Ringette Development","article_modified_time":"2023-09-19T17:20:12+00:00","twitter_card":"summary_large_image","twitter_misc":{"Dur\u00e9e de lecture estim\u00e9e":"3 minutes"},"schema":{"@context":"https:\/\/schema.org","@graph":[{"@type":"WebPage","@id":"https:\/\/ltrd.ringette.ca\/fr\/athlete-2\/","url":"https:\/\/ltrd.ringette.ca\/fr\/athlete-2\/","name":"Athl\u00e8te &#8226; Long-Term Ringette Development","isPartOf":{"@id":"https:\/\/ltrd.ringette.ca\/fr\/#website"},"datePublished":"2015-11-05T16:51:52+00:00","dateModified":"2023-09-19T17:20:12+00:00","breadcrumb":{"@id":"https:\/\/ltrd.ringette.ca\/fr\/athlete-2\/#breadcrumb"},"inLanguage":"fr-FR","potentialAction":[{"@type":"ReadAction","target":["https:\/\/ltrd.ringette.ca\/fr\/athlete-2\/"]}]},{"@type":"BreadcrumbList","@id":"https:\/\/ltrd.ringette.ca\/fr\/athlete-2\/#breadcrumb","itemListElement":[{"@type":"ListItem","position":1,"name":"Home","item":"https:\/\/ltrd.ringette.ca\/fr\/"},{"@type":"ListItem","position":2,"name":"Athl\u00e8te"}]},{"@type":"WebSite","@id":"https:\/\/ltrd.ringette.ca\/fr\/#website","url":"https:\/\/ltrd.ringette.ca\/fr\/","name":"Long-Term Ringette Development","description":"","publisher":{"@id":"https:\/\/ltrd.ringette.ca\/fr\/#organization"},"potentialAction":[{"@type":"SearchAction","target":{"@type":"EntryPoint","urlTemplate":"https:\/\/ltrd.ringette.ca\/fr\/?s={search_term_string}"},"query-input":{"@type":"PropertyValueSpecification","valueRequired":true,"valueName":"search_term_string"}}],"inLanguage":"fr-FR"},{"@type":"Organization","@id":"https:\/\/ltrd.ringette.ca\/fr\/#organization","name":"Long Term Ringette Development","url":"https:\/\/ltrd.ringette.ca\/fr\/","logo":{"@type":"ImageObject","inLanguage":"fr-FR","@id":"https:\/\/ltrd.ringette.ca\/fr\/#\/schema\/logo\/image\/","url":"https:\/\/ltrd.ringette.ca\/wp-content\/uploads\/2016\/04\/LTRD-login-logo.png","contentUrl":"https:\/\/ltrd.ringette.ca\/wp-content\/uploads\/2016\/04\/LTRD-login-logo.png","width":320,"height":84,"caption":"Long Term Ringette Development"},"image":{"@id":"https:\/\/ltrd.ringette.ca\/fr\/#\/schema\/logo\/image\/"}}]}},"_links":{"self":[{"href":"https:\/\/ltrd.ringette.ca\/fr\/wp-json\/wp\/v2\/pages\/38","targetHints":{"allow":["GET"]}}],"collection":[{"href":"https:\/\/ltrd.ringette.ca\/fr\/wp-json\/wp\/v2\/pages"}],"about":[{"href":"https:\/\/ltrd.ringette.ca\/fr\/wp-json\/wp\/v2\/types\/page"}],"author":[{"embeddable":true,"href":"https:\/\/ltrd.ringette.ca\/fr\/wp-json\/wp\/v2\/users\/1"}],"replies":[{"embeddable":true,"href":"https:\/\/ltrd.ringette.ca\/fr\/wp-json\/wp\/v2\/comments?post=38"}],"version-history":[{"count":5,"href":"https:\/\/ltrd.ringette.ca\/fr\/wp-json\/wp\/v2\/pages\/38\/revisions"}],"predecessor-version":[{"id":477,"href":"https:\/\/ltrd.ringette.ca\/fr\/wp-json\/wp\/v2\/pages\/38\/revisions\/477"}],"wp:attachment":[{"href":"https:\/\/ltrd.ringette.ca\/fr\/wp-json\/wp\/v2\/media?parent=38"}],"curies":[{"name":"wp","href":"https:\/\/api.w.org\/{rel}","templated":true}]}}