{"id":88,"date":"2016-01-20T15:17:46","date_gmt":"2016-01-20T15:17:46","guid":{"rendered":"http:\/\/ltrd.ringette.ca\/?page_id=88"},"modified":"2018-06-25T16:38:11","modified_gmt":"2018-06-25T16:38:11","slug":"ressources","status":"publish","type":"page","link":"https:\/\/ltrd.ringette.ca\/fr\/ressources\/","title":{"rendered":"Ressources"},"content":{"rendered":"<h2>T\u00e9l\u00e9chargements<\/h2>\n<p><a href=\"http:\/\/ltrd.ringette.ca\/wp-content\/uploads\/2015\/09\/Ringette_mag_FR_WEBversion.pdf\" rel=\"\">Document cadre du DLTA<\/a><\/p>\n<p><a href=\"http:\/\/ltrd.ringette.ca\/wp-content\/uploads\/2015\/09\/TSP-DLTA_Matrice_2012.doc\" rel=\"\">Matrice des habilet\u00e9s en ringuette.doc<\/a><\/p>\n<p><a href=\"http:\/\/canadiansportforlife.ca\/fr\/resources\" target=\"_blank\" rel=\"noopener\">Ressources &#8211; Le sport c\u2019est pour la vie<\/a><\/p>\n<hr \/>\n<h2>Liens<\/h2>\n<p><a href=\"http:\/\/canadiansportforlife.ca\/fr\" target=\"_blank\" rel=\"noopener\">Le sport c\u2019est pour la vie<\/a><\/p>\n<p><a href=\"https:\/\/activeforlife.com\/fr\/\">Actif pour la vie<\/a><\/p>\n<p>&nbsp;<\/p>\n<hr \/>\n<h2>Vid\u00e9os<\/h2>\n<p><a href=\"https:\/\/www.youtube.com\/watch?v=SdcsZBwvdn0&amp;t=1s\">Le retour \u00e0 la maison<\/a> (Sport Pur)<\/p>\n<p><a href=\"https:\/\/www.youtube.com\/watch?v=njX8dsij_9w\">Les enfants gagnent \u00e0 pratiquer plusieurs sports<\/a> (Actif pour la vie)<\/p>\n<p><a href=\"https:\/\/www.youtube.com\/watch?v=odcP9Grw6h0\">Qu&rsquo;est-ce que le \u00ab\u00a0Bio-banding\u00a0\u00bb?<\/a> (anglais) (US Soccer)<\/p>\n","protected":false},"excerpt":{"rendered":"<p>T\u00e9l\u00e9chargements Document cadre du DLTA Matrice des habilet\u00e9s en ringuette.doc Ressources &#8211; Le sport c\u2019est pour la vie Liens Le sport c\u2019est pour la vie Actif pour la vie &nbsp; Vid\u00e9os Le retour \u00e0 la maison (Sport Pur) Les enfants gagnent \u00e0 pratiquer plusieurs sports (Actif pour la vie) Qu&rsquo;est-ce que le \u00ab\u00a0Bio-banding\u00a0\u00bb? (anglais) (US [&hellip;]<\/p>\n","protected":false},"author":1,"featured_media":0,"parent":0,"menu_order":40,"comment_status":"closed","ping_status":"closed","template":"","meta":{"_acf_changed":false,"footnotes":""},"class_list":["post-88","page","type-page","status-publish","hentry"],"acf":[],"yoast_head":"<!-- This site is optimized with the Yoast SEO plugin v25.3.1 - https:\/\/yoast.com\/wordpress\/plugins\/seo\/ -->\n<title>Ressources &#8226; Long-Term Ringette Development<\/title>\n<meta name=\"robots\" content=\"index, follow, max-snippet:-1, max-image-preview:large, max-video-preview:-1\" \/>\n<link rel=\"canonical\" href=\"https:\/\/ltrd.ringette.ca\/fr\/ressources\/\" \/>\n<meta property=\"og:locale\" content=\"fr_FR\" \/>\n<meta property=\"og:type\" content=\"article\" \/>\n<meta property=\"og:title\" content=\"Ressources &#8226; Long-Term Ringette Development\" \/>\n<meta property=\"og:description\" content=\"T\u00e9l\u00e9chargements Document cadre du DLTA Matrice des habilet\u00e9s en ringuette.doc Ressources &#8211; Le sport c\u2019est pour la vie Liens Le sport c\u2019est pour la vie Actif pour la vie &nbsp; Vid\u00e9os Le retour \u00e0 la maison (Sport Pur) Les enfants gagnent \u00e0 pratiquer plusieurs sports (Actif pour la vie) Qu&rsquo;est-ce que le \u00ab\u00a0Bio-banding\u00a0\u00bb? (anglais) (US [&hellip;]\" \/>\n<meta property=\"og:url\" content=\"https:\/\/ltrd.ringette.ca\/fr\/ressources\/\" \/>\n<meta property=\"og:site_name\" content=\"Long-Term Ringette Development\" \/>\n<meta property=\"article:modified_time\" content=\"2018-06-25T16:38:11+00:00\" \/>\n<meta name=\"twitter:card\" content=\"summary_large_image\" \/>\n<script type=\"application\/ld+json\" class=\"yoast-schema-graph\">{\"@context\":\"https:\/\/schema.org\",\"@graph\":[{\"@type\":\"WebPage\",\"@id\":\"https:\/\/ltrd.ringette.ca\/fr\/ressources\/\",\"url\":\"https:\/\/ltrd.ringette.ca\/fr\/ressources\/\",\"name\":\"Ressources &#8226; Long-Term Ringette Development\",\"isPartOf\":{\"@id\":\"https:\/\/ltrd.ringette.ca\/fr\/#website\"},\"datePublished\":\"2016-01-20T15:17:46+00:00\",\"dateModified\":\"2018-06-25T16:38:11+00:00\",\"breadcrumb\":{\"@id\":\"https:\/\/ltrd.ringette.ca\/fr\/ressources\/#breadcrumb\"},\"inLanguage\":\"fr-FR\",\"potentialAction\":[{\"@type\":\"ReadAction\",\"target\":[\"https:\/\/ltrd.ringette.ca\/fr\/ressources\/\"]}]},{\"@type\":\"BreadcrumbList\",\"@id\":\"https:\/\/ltrd.ringette.ca\/fr\/ressources\/#breadcrumb\",\"itemListElement\":[{\"@type\":\"ListItem\",\"position\":1,\"name\":\"Home\",\"item\":\"https:\/\/ltrd.ringette.ca\/fr\/\"},{\"@type\":\"ListItem\",\"position\":2,\"name\":\"Ressources\"}]},{\"@type\":\"WebSite\",\"@id\":\"https:\/\/ltrd.ringette.ca\/fr\/#website\",\"url\":\"https:\/\/ltrd.ringette.ca\/fr\/\",\"name\":\"Long-Term Ringette Development\",\"description\":\"\",\"publisher\":{\"@id\":\"https:\/\/ltrd.ringette.ca\/fr\/#organization\"},\"potentialAction\":[{\"@type\":\"SearchAction\",\"target\":{\"@type\":\"EntryPoint\",\"urlTemplate\":\"https:\/\/ltrd.ringette.ca\/fr\/?s={search_term_string}\"},\"query-input\":{\"@type\":\"PropertyValueSpecification\",\"valueRequired\":true,\"valueName\":\"search_term_string\"}}],\"inLanguage\":\"fr-FR\"},{\"@type\":\"Organization\",\"@id\":\"https:\/\/ltrd.ringette.ca\/fr\/#organization\",\"name\":\"Long Term Ringette Development\",\"url\":\"https:\/\/ltrd.ringette.ca\/fr\/\",\"logo\":{\"@type\":\"ImageObject\",\"inLanguage\":\"fr-FR\",\"@id\":\"https:\/\/ltrd.ringette.ca\/fr\/#\/schema\/logo\/image\/\",\"url\":\"https:\/\/ltrd.ringette.ca\/wp-content\/uploads\/2016\/04\/LTRD-login-logo.png\",\"contentUrl\":\"https:\/\/ltrd.ringette.ca\/wp-content\/uploads\/2016\/04\/LTRD-login-logo.png\",\"width\":320,\"height\":84,\"caption\":\"Long Term Ringette Development\"},\"image\":{\"@id\":\"https:\/\/ltrd.ringette.ca\/fr\/#\/schema\/logo\/image\/\"}}]}<\/script>\n<!-- \/ Yoast SEO plugin. -->","yoast_head_json":{"title":"Ressources &#8226; Long-Term Ringette Development","robots":{"index":"index","follow":"follow","max-snippet":"max-snippet:-1","max-image-preview":"max-image-preview:large","max-video-preview":"max-video-preview:-1"},"canonical":"https:\/\/ltrd.ringette.ca\/fr\/ressources\/","og_locale":"fr_FR","og_type":"article","og_title":"Ressources &#8226; Long-Term Ringette Development","og_description":"T\u00e9l\u00e9chargements Document cadre du DLTA Matrice des habilet\u00e9s en ringuette.doc Ressources &#8211; Le sport c\u2019est pour la vie Liens Le sport c\u2019est pour la vie Actif pour la vie &nbsp; Vid\u00e9os Le retour \u00e0 la maison (Sport Pur) Les enfants gagnent \u00e0 pratiquer plusieurs sports (Actif pour la vie) Qu&rsquo;est-ce que le \u00ab\u00a0Bio-banding\u00a0\u00bb? (anglais) (US [&hellip;]","og_url":"https:\/\/ltrd.ringette.ca\/fr\/ressources\/","og_site_name":"Long-Term Ringette Development","article_modified_time":"2018-06-25T16:38:11+00:00","twitter_card":"summary_large_image","schema":{"@context":"https:\/\/schema.org","@graph":[{"@type":"WebPage","@id":"https:\/\/ltrd.ringette.ca\/fr\/ressources\/","url":"https:\/\/ltrd.ringette.ca\/fr\/ressources\/","name":"Ressources &#8226; Long-Term Ringette Development","isPartOf":{"@id":"https:\/\/ltrd.ringette.ca\/fr\/#website"},"datePublished":"2016-01-20T15:17:46+00:00","dateModified":"2018-06-25T16:38:11+00:00","breadcrumb":{"@id":"https:\/\/ltrd.ringette.ca\/fr\/ressources\/#breadcrumb"},"inLanguage":"fr-FR","potentialAction":[{"@type":"ReadAction","target":["https:\/\/ltrd.ringette.ca\/fr\/ressources\/"]}]},{"@type":"BreadcrumbList","@id":"https:\/\/ltrd.ringette.ca\/fr\/ressources\/#breadcrumb","itemListElement":[{"@type":"ListItem","position":1,"name":"Home","item":"https:\/\/ltrd.ringette.ca\/fr\/"},{"@type":"ListItem","position":2,"name":"Ressources"}]},{"@type":"WebSite","@id":"https:\/\/ltrd.ringette.ca\/fr\/#website","url":"https:\/\/ltrd.ringette.ca\/fr\/","name":"Long-Term Ringette Development","description":"","publisher":{"@id":"https:\/\/ltrd.ringette.ca\/fr\/#organization"},"potentialAction":[{"@type":"SearchAction","target":{"@type":"EntryPoint","urlTemplate":"https:\/\/ltrd.ringette.ca\/fr\/?s={search_term_string}"},"query-input":{"@type":"PropertyValueSpecification","valueRequired":true,"valueName":"search_term_string"}}],"inLanguage":"fr-FR"},{"@type":"Organization","@id":"https:\/\/ltrd.ringette.ca\/fr\/#organization","name":"Long Term Ringette Development","url":"https:\/\/ltrd.ringette.ca\/fr\/","logo":{"@type":"ImageObject","inLanguage":"fr-FR","@id":"https:\/\/ltrd.ringette.ca\/fr\/#\/schema\/logo\/image\/","url":"https:\/\/ltrd.ringette.ca\/wp-content\/uploads\/2016\/04\/LTRD-login-logo.png","contentUrl":"https:\/\/ltrd.ringette.ca\/wp-content\/uploads\/2016\/04\/LTRD-login-logo.png","width":320,"height":84,"caption":"Long Term Ringette Development"},"image":{"@id":"https:\/\/ltrd.ringette.ca\/fr\/#\/schema\/logo\/image\/"}}]}},"_links":{"self":[{"href":"https:\/\/ltrd.ringette.ca\/fr\/wp-json\/wp\/v2\/pages\/88","targetHints":{"allow":["GET"]}}],"collection":[{"href":"https:\/\/ltrd.ringette.ca\/fr\/wp-json\/wp\/v2\/pages"}],"about":[{"href":"https:\/\/ltrd.ringette.ca\/fr\/wp-json\/wp\/v2\/types\/page"}],"author":[{"embeddable":true,"href":"https:\/\/ltrd.ringette.ca\/fr\/wp-json\/wp\/v2\/users\/1"}],"replies":[{"embeddable":true,"href":"https:\/\/ltrd.ringette.ca\/fr\/wp-json\/wp\/v2\/comments?post=88"}],"version-history":[{"count":7,"href":"https:\/\/ltrd.ringette.ca\/fr\/wp-json\/wp\/v2\/pages\/88\/revisions"}],"predecessor-version":[{"id":320,"href":"https:\/\/ltrd.ringette.ca\/fr\/wp-json\/wp\/v2\/pages\/88\/revisions\/320"}],"wp:attachment":[{"href":"https:\/\/ltrd.ringette.ca\/fr\/wp-json\/wp\/v2\/media?parent=88"}],"curies":[{"name":"wp","href":"https:\/\/api.w.org\/{rel}","templated":true}]}}